{"id":36,"date":"2017-02-16T09:13:19","date_gmt":"2017-02-16T08:13:19","guid":{"rendered":"http:\/\/mxajfmgl.preview.infomaniak.website\/?page_id=36"},"modified":"2024-05-22T11:23:10","modified_gmt":"2024-05-22T09:23:10","slug":"home","status":"publish","type":"page","link":"https:\/\/darbellay.com\/","title":{"rendered":"HOME"},"content":{"rendered":"<p>[et_pb_section fb_built=\u00a0\u00bb1&Prime; _builder_version=\u00a0\u00bb4.14.7&Prime; custom_padding=\u00a0\u00bb||0px|||\u00a0\u00bb global_colors_info=\u00a0\u00bb{}\u00a0\u00bb][et_pb_row _builder_version=\u00a0\u00bb4.14.7&Prime; _module_preset=\u00a0\u00bbdefault\u00a0\u00bb global_colors_info=\u00a0\u00bb{}\u00a0\u00bb][et_pb_column type=\u00a0\u00bb4_4&Prime; _builder_version=\u00a0\u00bb4.14.7&Prime; _module_preset=\u00a0\u00bbdefault\u00a0\u00bb global_colors_info=\u00a0\u00bb{}\u00a0\u00bb][et_pb_image src=\u00a0\u00bbhttps:\/\/darbellay.com\/wp-content\/uploads\/2024\/03\/Omaire_Studio54_HESSOoct30528-copie-scaled.jpg\u00a0\u00bb _builder_version=\u00a0\u00bb4.14.7&Prime; _module_preset=\u00a0\u00bbdefault\u00a0\u00bb global_colors_info=\u00a0\u00bb{}\u00a0\u00bb][\/et_pb_image][et_pb_text _builder_version=\u00a0\u00bb4.14.7&Prime; _module_preset=\u00a0\u00bbdefault\u00a0\u00bb hover_enabled=\u00a0\u00bb0&Prime; global_colors_info=\u00a0\u00bb{}\u00a0\u00bb sticky_enabled=\u00a0\u00bb0&Prime;]<\/p>\n<p>Photo: Oliver Maire \/ omaire.ch<\/p>\n<p>[\/et_pb_text][et_pb_text _builder_version=\u00a0\u00bb4.14.7&Prime; _module_preset=\u00a0\u00bbdefault\u00a0\u00bb global_colors_info=\u00a0\u00bb{}\u00a0\u00bb]<\/p>\n<h3 style=\"text-align: center;\"><span style=\"color: #333333;\">Plus de 25 ans d&rsquo;exp\u00e9rience<\/span><\/h3>\n<p>[\/et_pb_text][et_pb_text _builder_version=\u00a0\u00bb4.14.7&Prime; _module_preset=\u00a0\u00bbdefault\u00a0\u00bb global_colors_info=\u00a0\u00bb{}\u00a0\u00bb]<\/p>\n<h2 style=\"text-align: center;\"><strong>Responsable marketing et contenu<\/strong><span>, sp\u00e9cialis\u00e9 dans la cr\u00e9ation de contenu audiovisuel et multim\u00e9dia. Expert en storytelling et \u00e9dition, je fournis des conseils strat\u00e9giques et dirige des projets. <\/span><span>Mes comp\u00e9tences s\u2019\u00e9tendent au marketing, \u00e0 la communication, aux m\u00e9dias et \u00e0 la formation.<\/span><\/h2>\n<p>[\/et_pb_text][et_pb_button button_url=\u00a0\u00bb@ET-DC@eyJkeW5hbWljIjp0cnVlLCJjb250ZW50IjoicG9zdF9saW5rX3VybF9wYWdlIiwic2V0dGluZ3MiOnsicG9zdF9pZCI6IjQ1In19@\u00a0\u00bb button_text=\u00a0\u00bbCONTACT\u00a0\u00bb button_alignment=\u00a0\u00bbcenter\u00a0\u00bb _builder_version=\u00a0\u00bb4.14.7&Prime; _dynamic_attributes=\u00a0\u00bbbutton_url\u00a0\u00bb _module_preset=\u00a0\u00bbdefault\u00a0\u00bb filter_hue_rotate=\u00a0\u00bb359deg\u00a0\u00bb filter_saturate=\u00a0\u00bb103%\u00a0\u00bb global_colors_info=\u00a0\u00bb{}\u00a0\u00bb][\/et_pb_button][et_pb_video src=\u00a0\u00bbhttps:\/\/darbellay.com\/wp-content\/uploads\/2022\/02\/Resume.mp4&Prime; src_webm=\u00a0\u00bbhttps:\/\/darbellay.com\/wp-content\/uploads\/2022\/02\/demo.mp4&Prime; _builder_version=\u00a0\u00bb4.14.7&Prime; _module_preset=\u00a0\u00bbdefault\u00a0\u00bb border_width_all=\u00a0\u00bb1px\u00a0\u00bb border_color_all=\u00a0\u00bb#474747&Prime; global_colors_info=\u00a0\u00bb{}\u00a0\u00bb][\/et_pb_video][\/et_pb_column][\/et_pb_row][\/et_pb_section][et_pb_section fb_built=\u00a0\u00bb1&Prime; _builder_version=\u00a0\u00bb4.14.7&Prime; background_image=\u00a0\u00bbhttps:\/\/darbellay.com\/wp-content\/uploads\/2022\/02\/fond-2-scaled.jpg\u00a0\u00bb min_height=\u00a0\u00bb740.3px\u00a0\u00bb custom_margin=\u00a0\u00bb-59px|||||\u00a0\u00bb custom_padding=\u00a0\u00bb90px||141px|||\u00a0\u00bb global_colors_info=\u00a0\u00bb{}\u00a0\u00bb][et_pb_row _builder_version=\u00a0\u00bb4.14.7&Prime; _module_preset=\u00a0\u00bbdefault\u00a0\u00bb min_height=\u00a0\u00bb232.6px\u00a0\u00bb global_colors_info=\u00a0\u00bb{}\u00a0\u00bb][et_pb_column type=\u00a0\u00bb4_4&Prime; _builder_version=\u00a0\u00bb4.14.7&Prime; _module_preset=\u00a0\u00bbdefault\u00a0\u00bb global_colors_info=\u00a0\u00bb{}\u00a0\u00bb][et_pb_gallery gallery_ids=\u00a0\u00bb29052,29051,28892,29126&Prime; _builder_version=\u00a0\u00bb4.14.7&Prime; _module_preset=\u00a0\u00bbdefault\u00a0\u00bb background_color=\u00a0\u00bbRGBA(255,255,255,0)\u00a0\u00bb global_colors_info=\u00a0\u00bb{}\u00a0\u00bb][\/et_pb_gallery][\/et_pb_column][\/et_pb_row][et_pb_row column_structure=\u00a0\u00bb1_4,1_4,1_4,1_4&Prime; _builder_version=\u00a0\u00bb4.14.7&Prime; _module_preset=\u00a0\u00bbdefault\u00a0\u00bb custom_padding=\u00a0\u00bb||0px|||\u00a0\u00bb global_colors_info=\u00a0\u00bb{}\u00a0\u00bb][et_pb_column type=\u00a0\u00bb1_4&Prime; _builder_version=\u00a0\u00bb4.14.7&Prime; _module_preset=\u00a0\u00bbdefault\u00a0\u00bb global_colors_info=\u00a0\u00bb{}\u00a0\u00bb][et_pb_text _builder_version=\u00a0\u00bb4.14.7&Prime; _dynamic_attributes=\u00a0\u00bblink_option_url\u00a0\u00bb _module_preset=\u00a0\u00bbdefault\u00a0\u00bb link_option_url=\u00a0\u00bb@ET-DC@eyJkeW5hbWljIjp0cnVlLCJjb250ZW50IjoicG9zdF9saW5rX3VybF9wYWdlIiwic2V0dGluZ3MiOnsicG9zdF9pZCI6IjI4NjQwIn19@\u00a0\u00bb global_colors_info=\u00a0\u00bb{}\u00a0\u00bb]<\/p>\n<h5 style=\"text-align: center;\"><strong><span style=\"color: #333333;\">AUDIOVISUEL<\/span><\/strong><\/h5>\n<p><strong><span style=\"color: #333333;\"><\/span><\/strong><\/p>\n<p style=\"text-align: center;\"><span style=\"color: #333333;\"><\/span><\/p>\n<p style=\"text-align: center;\"><span style=\"color: #333333;\">Plus de 1&rsquo;200 films,\u00a0<\/span><\/p>\n<p style=\"text-align: center;\"><span style=\"color: #333333;\">reportages,\u00a0<\/span><\/p>\n<p style=\"text-align: center;\"><span style=\"color: #333333;\">documentaires,<\/span><\/p>\n<p style=\"text-align: center;\"><span style=\"color: #333333;\"><span style=\"font-size: 14px;\">capsules, tutoriels, <\/span>formations<\/span><\/p>\n<p>[\/et_pb_text][\/et_pb_column][et_pb_column type=\u00a0\u00bb1_4&Prime; _builder_version=\u00a0\u00bb4.14.7&Prime; _module_preset=\u00a0\u00bbdefault\u00a0\u00bb global_colors_info=\u00a0\u00bb{}\u00a0\u00bb][et_pb_text _builder_version=\u00a0\u00bb4.14.7&Prime; _dynamic_attributes=\u00a0\u00bblink_option_url\u00a0\u00bb _module_preset=\u00a0\u00bbdefault\u00a0\u00bb link_option_url=\u00a0\u00bb@ET-DC@eyJkeW5hbWljIjp0cnVlLCJjb250ZW50IjoicG9zdF9saW5rX3VybF9wYWdlIiwic2V0dGluZ3MiOnsicG9zdF9pZCI6IjM5In19@\u00a0\u00bb global_colors_info=\u00a0\u00bb{}\u00a0\u00bb]<\/p>\n<h5 style=\"text-align: center;\"><strong><span style=\"color: #333333;\">PHOTOGRAPHIE<\/span><\/strong><\/h5>\n<p><strong><span style=\"color: #333333;\"><\/span><\/strong><\/p>\n<p style=\"text-align: center;\"><span style=\"color: #333333;\"><\/span><\/p>\n<p style=\"text-align: center;\"><span style=\"color: #333333;\">Reportages<\/span><\/p>\n<p style=\"text-align: center;\"><span style=\"color: #333333;\">pour des magazines <\/span><\/p>\n<p style=\"text-align: center;\"><span style=\"color: #333333;\">Gestion de fonds photo<\/span><\/p>\n<p style=\"text-align: center;\"><span style=\"color: #333333;\">Direction\u00a0de\u00a0service\u00a0photo<\/span><\/p>\n<p>[\/et_pb_text][\/et_pb_column][et_pb_column type=\u00a0\u00bb1_4&Prime; _builder_version=\u00a0\u00bb4.14.7&Prime; _module_preset=\u00a0\u00bbdefault\u00a0\u00bb global_colors_info=\u00a0\u00bb{}\u00a0\u00bb][et_pb_text _builder_version=\u00a0\u00bb4.14.7&Prime; _dynamic_attributes=\u00a0\u00bblink_option_url\u00a0\u00bb _module_preset=\u00a0\u00bbdefault\u00a0\u00bb link_option_url=\u00a0\u00bb@ET-DC@eyJkeW5hbWljIjp0cnVlLCJjb250ZW50IjoicG9zdF9saW5rX3VybF9wYWdlIiwic2V0dGluZ3MiOnsicG9zdF9pZCI6IjQzIn19@\u00a0\u00bb global_colors_info=\u00a0\u00bb{}\u00a0\u00bb]<\/p>\n<h5 style=\"text-align: center;\"><strong><span style=\"color: #333333;\">PRESSE<\/span><\/strong><\/h5>\n<h4 style=\"text-align: center;\"><span style=\"color: #333333;\"><\/span><\/h4>\n<p style=\"text-align: center;\"><span style=\"color: #333333;\"><\/span><\/p>\n<p style=\"text-align: center;\"><span style=\"color: #333333;\">D\u00e9veloppement, <\/span><span style=\"color: #333333;\">cr\u00e9ation <\/span><\/p>\n<p style=\"text-align: center;\"><span style=\"color: #333333;\">et lancement <\/span><span style=\"color: #333333;\">de magazines <\/span><\/p>\n<p style=\"text-align: center;\"><span style=\"color: #333333;\">pour la presse \u00e9crite.<\/span><\/p>\n<p style=\"text-align: center;\"><span><span style=\"color: #333333;\">Direction de r\u00e9daction<\/span><\/span><\/p>\n<p><span style=\"color: #333333;\"><\/span><\/p>\n<p>&nbsp;<\/p>\n<p>[\/et_pb_text][\/et_pb_column][et_pb_column type=\u00a0\u00bb1_4&Prime; _builder_version=\u00a0\u00bb4.14.7&Prime; _module_preset=\u00a0\u00bbdefault\u00a0\u00bb global_colors_info=\u00a0\u00bb{}\u00a0\u00bb][et_pb_text _builder_version=\u00a0\u00bb4.14.7&Prime; _dynamic_attributes=\u00a0\u00bblink_option_url\u00a0\u00bb _module_preset=\u00a0\u00bbdefault\u00a0\u00bb link_option_url=\u00a0\u00bb@ET-DC@eyJkeW5hbWljIjp0cnVlLCJjb250ZW50IjoicG9zdF9saW5rX3VybF9wYWdlIiwic2V0dGluZ3MiOnsicG9zdF9pZCI6IjI5MTk5In19@\u00a0\u00bb global_colors_info=\u00a0\u00bb{}\u00a0\u00bb]<\/p>\n<h5 style=\"text-align: center;\"><span style=\"color: #333333;\"><strong>INSPIRATIONS<\/strong><\/span><\/h5>\n<h4 style=\"text-align: center;\"><span style=\"color: #333333;\"><\/span><\/h4>\n<p style=\"text-align: center;\"><span style=\"color: #333333;\"><\/span><\/p>\n<p style=\"text-align: center;\"><span style=\"color: #333333;\">Science, sant\u00e9,<\/span><\/p>\n<p style=\"text-align: center;\"><span style=\"color: #333333;\">philosophie, psychologie,<\/span><\/p>\n<p style=\"text-align: center;\"><span style=\"color: #333333;\">intuition et \u00e9cosophie<\/span><\/p>\n<p><span style=\"color: #333333;\"><\/span><\/p>\n<p><span style=\"color: #333333;\"><\/span><\/p>\n<p>[\/et_pb_text][\/et_pb_column][\/et_pb_row][\/et_pb_section]<\/p>\n","protected":false},"excerpt":{"rendered":"<p>Photo: Oliver Maire \/ omaire.chPlus de 25 ans d&rsquo;exp\u00e9rienceResponsable marketing et contenu, sp\u00e9cialis\u00e9 dans la cr\u00e9ation de contenu audiovisuel et multim\u00e9dia. Expert en storytelling et \u00e9dition, je fournis des conseils strat\u00e9giques et dirige des projets. Mes comp\u00e9tences s\u2019\u00e9tendent au marketing, \u00e0 la communication, aux m\u00e9dias et \u00e0 la formation.AUDIOVISUEL Plus de 1&rsquo;200 films,\u00a0 reportages,\u00a0 documentaires, [&hellip;]<\/p>\n","protected":false},"author":1,"featured_media":0,"parent":0,"menu_order":0,"comment_status":"closed","ping_status":"closed","template":"","meta":{"_et_pb_use_builder":"on","_et_pb_old_content":"<!-- wp:image -->\n<figure class=\"wp-block-image\"><img alt=\"\"\/><\/figure>\n<!-- \/wp:image -->","_et_gb_content_width":"","footnotes":""},"class_list":["post-36","page","type-page","status-publish","hentry"],"_links":{"self":[{"href":"https:\/\/darbellay.com\/index.php?rest_route=\/wp\/v2\/pages\/36","targetHints":{"allow":["GET"]}}],"collection":[{"href":"https:\/\/darbellay.com\/index.php?rest_route=\/wp\/v2\/pages"}],"about":[{"href":"https:\/\/darbellay.com\/index.php?rest_route=\/wp\/v2\/types\/page"}],"author":[{"embeddable":true,"href":"https:\/\/darbellay.com\/index.php?rest_route=\/wp\/v2\/users\/1"}],"replies":[{"embeddable":true,"href":"https:\/\/darbellay.com\/index.php?rest_route=%2Fwp%2Fv2%2Fcomments&post=36"}],"version-history":[{"count":69,"href":"https:\/\/darbellay.com\/index.php?rest_route=\/wp\/v2\/pages\/36\/revisions"}],"predecessor-version":[{"id":29675,"href":"https:\/\/darbellay.com\/index.php?rest_route=\/wp\/v2\/pages\/36\/revisions\/29675"}],"wp:attachment":[{"href":"https:\/\/darbellay.com\/index.php?rest_route=%2Fwp%2Fv2%2Fmedia&parent=36"}],"curies":[{"name":"wp","href":"https:\/\/api.w.org\/{rel}","templated":true}]}}