{"id":29518,"date":"2023-09-30T09:46:00","date_gmt":"2023-09-30T07:46:00","guid":{"rendered":"https:\/\/darbellay.com\/?page_id=29518"},"modified":"2023-09-30T10:50:53","modified_gmt":"2023-09-30T08:50:53","slug":"musee-des-glaciers","status":"publish","type":"page","link":"https:\/\/darbellay.com\/?page_id=29518","title":{"rendered":"MUSEE DES GLACIERS"},"content":{"rendered":"<p>[et_pb_section fb_built=\u00a0\u00bb1&Prime; _builder_version=\u00a0\u00bb4.14.7&Prime; _module_preset=\u00a0\u00bbdefault\u00a0\u00bb min_height=\u00a0\u00bb352px\u00a0\u00bb custom_padding=\u00a0\u00bb0px||0px|||\u00a0\u00bb global_colors_info=\u00a0\u00bb{}\u00a0\u00bb][et_pb_row _builder_version=\u00a0\u00bb4.14.7&Prime; _module_preset=\u00a0\u00bbdefault\u00a0\u00bb min_height=\u00a0\u00bb135px\u00a0\u00bb custom_padding=\u00a0\u00bb54px||0px|||\u00a0\u00bb hover_enabled=\u00a0\u00bb0&Prime; global_colors_info=\u00a0\u00bb{}\u00a0\u00bb sticky_enabled=\u00a0\u00bb0&Prime;][et_pb_column type=\u00a0\u00bb4_4&Prime; _builder_version=\u00a0\u00bb4.14.7&Prime; _module_preset=\u00a0\u00bbdefault\u00a0\u00bb background_enable_image=\u00a0\u00bboff\u00a0\u00bb global_colors_info=\u00a0\u00bb{}\u00a0\u00bb][et_pb_image src=\u00a0\u00bbhttps:\/\/darbellay.com\/wp-content\/uploads\/2023\/09\/Musee-photo.png\u00a0\u00bb title_text=\u00a0\u00bbMusee des glaciers\u00a0\u00bb align=\u00a0\u00bbcenter\u00a0\u00bb _builder_version=\u00a0\u00bb4.14.7&Prime; _module_preset=\u00a0\u00bbdefault\u00a0\u00bb transform_scale=\u00a0\u00bb98%|98%\u00a0\u00bb global_colors_info=\u00a0\u00bb{}\u00a0\u00bb][\/et_pb_image][et_pb_text _builder_version=\u00a0\u00bb4.14.7&Prime; _module_preset=\u00a0\u00bbdefault\u00a0\u00bb background_color=\u00a0\u00bbRGBA(255,255,255,0)\u00a0\u00bb hover_enabled=\u00a0\u00bb0&Prime; sticky_enabled=\u00a0\u00bb0&Prime; custom_padding=\u00a0\u00bb||27px|||\u00a0\u00bb]<\/p>\n<h1 style=\"text-align: center;\">MUSEE DES GLACIERS<\/h1>\n<p>[\/et_pb_text][et_pb_text _builder_version=\u00a0\u00bb4.14.7&Prime; _module_preset=\u00a0\u00bbdefault\u00a0\u00bb hover_enabled=\u00a0\u00bb0&Prime; sticky_enabled=\u00a0\u00bb0&Prime; min_height=\u00a0\u00bb91.6px\u00a0\u00bb]<\/p>\n<h2 style=\"text-align: center;\">Parce que nous sommes les t\u00e9moins privil\u00e9gi\u00e9s d\u2019un ph\u00e9nom\u00e8ne local qui, \u00e0 l\u2019\u00e9chelle plan\u00e9taire, va bouleverser le cours de l\u2019humanit\u00e9.<\/h2>\n<p>&nbsp;<\/p>\n<p>&nbsp;<\/p>\n<p>[\/et_pb_text][et_pb_image src=\u00a0\u00bbhttps:\/\/darbellay.com\/wp-content\/uploads\/2023\/09\/Musee-interieur.png\u00a0\u00bb _builder_version=\u00a0\u00bb4.14.7&Prime; _module_preset=\u00a0\u00bbdefault\u00a0\u00bb title_text=\u00a0\u00bbMusee interieur\u00a0\u00bb hover_enabled=\u00a0\u00bb0&Prime; sticky_enabled=\u00a0\u00bb0&Prime;][\/et_pb_image][\/et_pb_column][\/et_pb_row][et_pb_row _builder_version=\u00a0\u00bb4.14.7&Prime; _module_preset=\u00a0\u00bbdefault\u00a0\u00bb min_height=\u00a0\u00bb52px\u00a0\u00bb][et_pb_column _builder_version=\u00a0\u00bb4.14.7&Prime; _module_preset=\u00a0\u00bbdefault\u00a0\u00bb type=\u00a0\u00bb4_4&Prime;][\/et_pb_column][\/et_pb_row][et_pb_row _builder_version=\u00a0\u00bb4.14.7&Prime; _module_preset=\u00a0\u00bbdefault\u00a0\u00bb][et_pb_column _builder_version=\u00a0\u00bb4.14.7&Prime; _module_preset=\u00a0\u00bbdefault\u00a0\u00bb type=\u00a0\u00bb4_4&Prime;][et_pb_text _builder_version=\u00a0\u00bb4.14.7&Prime; _module_preset=\u00a0\u00bbdefault\u00a0\u00bb hover_enabled=\u00a0\u00bb0&Prime; sticky_enabled=\u00a0\u00bb0&Prime;]<\/p>\n<p style=\"text-align: justify;\">Nous sommes face \u00e0 un ph\u00e9nom\u00e8ne climatique irr\u00e9versible et sans pr\u00e9c\u00e9dent. L&rsquo;int\u00e9r\u00eat aujourd&rsquo;hui est de tirer parti de ce changement historique pour montrer et pr\u00e9senter au plus grand nombre un ph\u00e9nom\u00e8ne dont finalement nous sommes les t\u00e9moins privil\u00e9gi\u00e9s. En prenant l&rsquo;\u00e9v\u00e9nement dans l&rsquo;\u00e9chelle universelle du temps, il est absolument exceptionnel de pouvoir vivre un tel changement. Bien que les cons\u00e9quences soient \u00e9normes et difficilement mesurables, nous avons la chance de pouvoir en \u00eatre les spectateurs. Mais en t\u00e9moigner doit aussi \u00eatre notre devoir.<\/p>\n<p style=\"text-align: justify;\">Notre but est de permettre une prise de conscience, celle de la disparition des glaciers comme \u00e9v\u00e9nement exceptionnel et unique dans l&rsquo;histoire de l&rsquo;humanit\u00e9. Montrer que la disparition des glaciers est moins dramatique que la mani\u00e8re dont les peuples vont r\u00e9agir et survivre \u00e0 cet \u00e9v\u00e9nement. C\u2019est pr\u00e9cis\u00e9ment cette transition qu\u2019il va falloir d\u00e9sormais apprendre \u00e0 g\u00e9rer.<\/p>\n<p style=\"text-align: justify;\">En effet, en tant que spectateurs de ces \u00e9v\u00e9nements climatiques, nous sommes responsables des actions ou des inactions que nous d\u00e9clenchons. Notre devoir de citoyens de cette plan\u00e8te n&rsquo;est plus d&rsquo;observer l&rsquo;action en pensant qu&rsquo;elle appartient aux autres, mais de transformer les observations de chacun en actions durables pour tous. Antoine de Saint-Exup\u00e9ry le formulait d\u00e9j\u00e0 : \u00ab Nous n&rsquo;h\u00e9ritons pas de la terre de nos anc\u00eatres, nous l&#8217;empruntons \u00e0 nos enfants. \u00bb<\/p>\n<p>[\/et_pb_text][\/et_pb_column][\/et_pb_row][et_pb_row _builder_version=\u00a0\u00bb4.14.7&Prime; _module_preset=\u00a0\u00bbdefault\u00a0\u00bb custom_margin=\u00a0\u00bb-34px|auto||auto||\u00a0\u00bb custom_padding=\u00a0\u00bb||13px|||\u00a0\u00bb global_colors_info=\u00a0\u00bb{}\u00a0\u00bb][et_pb_column type=\u00a0\u00bb4_4&Prime; _builder_version=\u00a0\u00bb4.14.7&Prime; _module_preset=\u00a0\u00bbdefault\u00a0\u00bb global_colors_info=\u00a0\u00bb{}\u00a0\u00bb][et_pb_video src=\u00a0\u00bbhttps:\/\/darbellay.com\/wp-content\/uploads\/2023\/09\/Demo-musee-H.264.mov\u00a0\u00bb _builder_version=\u00a0\u00bb4.14.7&Prime; _module_preset=\u00a0\u00bbdefault\u00a0\u00bb global_colors_info=\u00a0\u00bb{}\u00a0\u00bb][\/et_pb_video][\/et_pb_column][\/et_pb_row][et_pb_row _builder_version=\u00a0\u00bb4.14.7&Prime; _module_preset=\u00a0\u00bbdefault\u00a0\u00bb][et_pb_column _builder_version=\u00a0\u00bb4.14.7&Prime; _module_preset=\u00a0\u00bbdefault\u00a0\u00bb type=\u00a0\u00bb4_4&Prime;][et_pb_text _builder_version=\u00a0\u00bb4.14.7&Prime; _module_preset=\u00a0\u00bbdefault\u00a0\u00bb hover_enabled=\u00a0\u00bb0&Prime; sticky_enabled=\u00a0\u00bb0&Prime;]<\/p>\n<p style=\"text-align: justify;\">Ouvrir \u00e0 la connaissance de mani\u00e8re simple, ludique, scientifique, interactive un ph\u00e9nom\u00e8ne dont chacun qui vit dans les r\u00e9gions alpines est le t\u00e9moin, mais n&rsquo;en a pas forc\u00e9ment conscience.<\/p>\n<p style=\"text-align: justify;\">Eduquer, divertir et transmettre. Le mus\u00e9e doit \u00eatre con\u00e7u pour les g\u00e9n\u00e9rations de demain et adapt\u00e9 aux modes de consommation actuels et futurs l&rsquo;information. Visuel, audiovisuel, ludique, interactif, tourn\u00e9 vers les nouvelles technologies. Patrimoine de notre pays qui dispara\u00eet discr\u00e8tement au fil des ans, les glaciers repr\u00e9sentent aujourd&rsquo;hui un enjeu vitale pour notre soci\u00e9t\u00e9 et les pays qui nous entourent.<\/p>\n<p style=\"text-align: justify;\">Fortune blanche accul\u00e9e sur les plus hauts sommets des alpes, leur dur\u00e9e de vie ou plut\u00f4t de survie ne devrait gu\u00e8re atteindre la fin du si\u00e8cle. Un mus\u00e9e r\u00e9solument tourn\u00e9 vers les g\u00e9n\u00e9rations futures. Adapt\u00e9 aux futurs technologies et aux futures modes de consommation de l&rsquo;information. L&rsquo;int\u00e9gration de principes de d\u00e9veloppement durable dans la p\u00e9dagogie conduit enfants et adolescents \u00e0 adopter des comportements responsables.<\/p>\n<p>[\/et_pb_text][\/et_pb_column][\/et_pb_row][et_pb_row column_structure=\u00a0\u00bb1_3,1_3,1_3&Prime; _builder_version=\u00a0\u00bb4.14.7&Prime; _module_preset=\u00a0\u00bbdefault\u00a0\u00bb global_colors_info=\u00a0\u00bb{}\u00a0\u00bb][et_pb_column type=\u00a0\u00bb1_3&Prime; _builder_version=\u00a0\u00bb4.14.7&Prime; _module_preset=\u00a0\u00bbdefault\u00a0\u00bb global_colors_info=\u00a0\u00bb{}\u00a0\u00bb][et_pb_image src=\u00a0\u00bbhttps:\/\/darbellay.com\/wp-content\/uploads\/2023\/09\/musee-int-3-illustr.jpg\u00a0\u00bb title_text=\u00a0\u00bbmuse\u0301e des glaciers interieur\u00a0\u00bb _builder_version=\u00a0\u00bb4.14.7&Prime; _module_preset=\u00a0\u00bbdefault\u00a0\u00bb hover_enabled=\u00a0\u00bb0&Prime; global_colors_info=\u00a0\u00bb{}\u00a0\u00bb sticky_enabled=\u00a0\u00bb0&Prime;][\/et_pb_image][\/et_pb_column][et_pb_column type=\u00a0\u00bb1_3&Prime; _builder_version=\u00a0\u00bb4.14.7&Prime; _module_preset=\u00a0\u00bbdefault\u00a0\u00bb global_colors_info=\u00a0\u00bb{}\u00a0\u00bb][et_pb_image src=\u00a0\u00bbhttps:\/\/darbellay.com\/wp-content\/uploads\/2023\/09\/musee-int-1-illustr.jpg\u00a0\u00bb title_text=\u00a0\u00bbmusee des glaciers interieur 2&Prime; _builder_version=\u00a0\u00bb4.14.7&Prime; _module_preset=\u00a0\u00bbdefault\u00a0\u00bb global_colors_info=\u00a0\u00bb{}\u00a0\u00bb][\/et_pb_image][\/et_pb_column][et_pb_column type=\u00a0\u00bb1_3&Prime; _builder_version=\u00a0\u00bb4.14.7&Prime; _module_preset=\u00a0\u00bbdefault\u00a0\u00bb global_colors_info=\u00a0\u00bb{}\u00a0\u00bb][et_pb_image src=\u00a0\u00bbhttps:\/\/darbellay.com\/wp-content\/uploads\/2023\/09\/056phA03-012.jpg\u00a0\u00bb title_text=\u00a0\u00bbTransport de la glace \u00e0 Martigny\u00a0\u00bb _builder_version=\u00a0\u00bb4.14.7&Prime; _module_preset=\u00a0\u00bbdefault\u00a0\u00bb hover_enabled=\u00a0\u00bb0&Prime; global_colors_info=\u00a0\u00bb{}\u00a0\u00bb sticky_enabled=\u00a0\u00bb0&Prime;][\/et_pb_image][\/et_pb_column][\/et_pb_row][et_pb_row _builder_version=\u00a0\u00bb4.14.7&Prime; _module_preset=\u00a0\u00bbdefault\u00a0\u00bb][et_pb_column _builder_version=\u00a0\u00bb4.14.7&Prime; _module_preset=\u00a0\u00bbdefault\u00a0\u00bb type=\u00a0\u00bb4_4&Prime;][et_pb_image src=\u00a0\u00bbhttps:\/\/darbellay.com\/wp-content\/uploads\/2023\/09\/056phA03-005.jpg\u00a0\u00bb _builder_version=\u00a0\u00bb4.14.7&Prime; _module_preset=\u00a0\u00bbdefault\u00a0\u00bb title_text=\u00a0\u00bb056phA03-005&Prime; align=\u00a0\u00bbcenter\u00a0\u00bb hover_enabled=\u00a0\u00bb0&Prime; sticky_enabled=\u00a0\u00bb0&Prime;][\/et_pb_image][\/et_pb_column][\/et_pb_row][et_pb_row _builder_version=\u00a0\u00bb4.14.7&Prime; _module_preset=\u00a0\u00bbdefault\u00a0\u00bb][et_pb_column _builder_version=\u00a0\u00bb4.14.7&Prime; _module_preset=\u00a0\u00bbdefault\u00a0\u00bb type=\u00a0\u00bb4_4&Prime;][et_pb_text _builder_version=\u00a0\u00bb4.14.7&Prime; _module_preset=\u00a0\u00bbdefault\u00a0\u00bb hover_enabled=\u00a0\u00bb0&Prime; sticky_enabled=\u00a0\u00bb0&Prime;]<\/p>\n<p style=\"text-align: center;\"><strong>UNE VISITE SANS FIN\u00a0 \u00a0<\/strong><\/p>\n<h2 style=\"text-align: center;\">DU MUSEE PHYSIQUE AU MUSEE VIRTUEL<\/h2>\n<p>[\/et_pb_text][et_pb_text _builder_version=\u00a0\u00bb4.14.7&Prime; _module_preset=\u00a0\u00bbdefault\u00a0\u00bb hover_enabled=\u00a0\u00bb0&Prime; sticky_enabled=\u00a0\u00bb0&Prime;]<\/p>\n<p style=\"text-align: justify;\">L\u2019objectif est double : proposer un espace de visite compl\u00e9mentaire, suppl\u00e9mentaire, infini aux visiteurs et pr\u00e9server le contenu pour les g\u00e9n\u00e9rations futures.<\/p>\n<p style=\"text-align: justify;\">Inciter le visiteur \u00e0 s\u2019enrichir davantage sur un sujet qui l\u2019int\u00e9resse et \u00e0 revisiter le site. Prolonger des id\u00e9es et des concepts dans le cyberespace. Toucher des visiteurs ou un public qui n\u2019aurait peut-\u00eatre jamais la possibilit\u00e9 de se rendre physiquement dans un tel mus\u00e9e.<\/p>\n<p style=\"text-align: justify;\">Donner la possibilit\u00e9 de visiter \u00e0 travers des archives avec tous les avantages d\u2019un mus\u00e9e v\u00e9ritable et les avantages de la virtualit\u00e9 : on y acc\u00e8de quand on veut depuis o\u00f9 on veut. Le visiteur peut se promener dans les all\u00e9es, les salles, se perdre ou bien aller chercher des informations pr\u00e9cises et exhaustives. On peut \u00e9galement utiliser le mus\u00e9e comme Biblioth\u00e8que multim\u00e9dia.<\/p>\n<p style=\"text-align: justify;\">Le b\u00e2timent (l\u2019enveloppe) a souvent tellement d\u2019importance qu\u2019il en devient le symbole du mus\u00e9e. A l\u2019int\u00e9rieur des murs, on doit mettre en sc\u00e8ne \u00e0 la fois des \u0153uvres et le passage des visiteurs \u00e0 travers ces \u0153uvres, il y a l\u00e0 un \u00e9vident travail de sc\u00e9nographie. Dans un mus\u00e9e \u00ab traditionnel \u00bb, une infime partie des collections du monde est visible, mais avec un tel mus\u00e9e, il n\u2019y aucune limite dans la pr\u00e9sentation des \u0153uvres.<\/p>\n<p style=\"text-align: justify;\">Les acteurs de l\u2019industrie des loisirs et du divertissement sont les plus grands concurrents des mus\u00e9es, le mode de diffusion des contenus doit donc \u00eatre moderne afin de capter l\u2019attention du public. Les informations ne sont pas uniquement mises \u00e0 disposition de mani\u00e8re brute comme une suite de connaissances mais elles sont mises en sc\u00e8ne afin d\u2019int\u00e9resser et d\u2019attirer le plus grand nombre. Le mus\u00e9e virtuel peut et doit proposer cela. Avec un \u00e9quilibre entre le mandat didactique traditionnel assign\u00e9 au mus\u00e9e et l\u2019exigence de vulgarisation et de divertissement par la forme interactive.<\/p>\n<p style=\"text-align: justify;\">Internet et les technologies de l\u2019information et de la communication peuvent r\u00e9pondre \u00e0 la probl\u00e9matique des mus\u00e9es. Internet au m\u00eame titre que la photographie peut constituer un v\u00e9ritable mus\u00e9e virtuel s\u2019il d\u00e9passe la collection mus\u00e9ale. La mise \u00e0 disposition du patrimoine sur internet permettra des rapprochements entre les \u0153uvres, les collections, les informations, le patrimoine en g\u00e9n\u00e9ral, la culture.<\/p>\n<p style=\"text-align: justify;\">Le mus\u00e9e virtuel viserait plusieurs publics et mettrait en place, pour chacun d\u2019eux, des offres appropri\u00e9es. Les principaux publics vis\u00e9s seraient les suivants :<\/p>\n<ul>\n<li>Le grand public (public prioritaire). Il pourra visualiser des expositions virtuelles et consulter les collections num\u00e9ris\u00e9es dans leur ensemble, avec des m\u00e9thodes sp\u00e9cifiques.<\/li>\n<li>Les sp\u00e9cialistes et les chercheurs auront un point d\u2019acc\u00e8s \u00e0 une large partie du paysage mus\u00e9al suisse.<\/li>\n<li>Les enseignants, les \u00e9l\u00e8ves, les \u00e9tudiants trouveront dans ce mus\u00e9e des ressources et des outils adapt\u00e9s \u00e0 leurs besoins.<\/li>\n<li>Les Suisses de l\u2019\u00e9tranger auront une possibilit\u00e9\u0301 int\u00e9ressante de rester en contact avec le patrimoine de leur pays, gr\u00e2ce aux vertus de d\u00e9territorialisation d\u2019Internet.<\/li>\n<li>Le public international<\/li>\n<\/ul>\n<p>[\/et_pb_text][\/et_pb_column][\/et_pb_row][et_pb_row _builder_version=\u00a0\u00bb4.14.7&Prime; _module_preset=\u00a0\u00bbdefault\u00a0\u00bb][et_pb_column _builder_version=\u00a0\u00bb4.14.7&Prime; _module_preset=\u00a0\u00bbdefault\u00a0\u00bb type=\u00a0\u00bb4_4&Prime;][et_pb_video src=\u00a0\u00bbhttps:\/\/darbellay.com\/wp-content\/uploads\/2023\/09\/k12660-m94793-Ascension_du_Mont-Blanc_-_4.mp4&Prime; _builder_version=\u00a0\u00bb4.14.7&Prime; _module_preset=\u00a0\u00bbdefault\u00a0\u00bb title_text=\u00a0\u00bbAscension du Mont-Blanc\u00a0\u00bb hover_enabled=\u00a0\u00bb0&Prime; sticky_enabled=\u00a0\u00bb0&Prime;][\/et_pb_video][\/et_pb_column][\/et_pb_row][\/et_pb_section]<\/p>\n","protected":false},"excerpt":{"rendered":"<p>MUSEE DES GLACIERSParce que nous sommes les t\u00e9moins privil\u00e9gi\u00e9s d\u2019un ph\u00e9nom\u00e8ne local qui, \u00e0 l\u2019\u00e9chelle plan\u00e9taire, va bouleverser le cours de l\u2019humanit\u00e9. &nbsp; &nbsp;Nous sommes face \u00e0 un ph\u00e9nom\u00e8ne climatique irr\u00e9versible et sans pr\u00e9c\u00e9dent. L&rsquo;int\u00e9r\u00eat aujourd&rsquo;hui est de tirer parti de ce changement historique pour montrer et pr\u00e9senter au plus grand nombre un ph\u00e9nom\u00e8ne dont [&hellip;]<\/p>\n","protected":false},"author":1,"featured_media":0,"parent":0,"menu_order":0,"comment_status":"closed","ping_status":"closed","template":"","meta":{"_et_pb_use_builder":"on","_et_pb_old_content":"","_et_gb_content_width":"","footnotes":""},"class_list":["post-29518","page","type-page","status-publish","hentry"],"_links":{"self":[{"href":"https:\/\/darbellay.com\/index.php?rest_route=\/wp\/v2\/pages\/29518","targetHints":{"allow":["GET"]}}],"collection":[{"href":"https:\/\/darbellay.com\/index.php?rest_route=\/wp\/v2\/pages"}],"about":[{"href":"https:\/\/darbellay.com\/index.php?rest_route=\/wp\/v2\/types\/page"}],"author":[{"embeddable":true,"href":"https:\/\/darbellay.com\/index.php?rest_route=\/wp\/v2\/users\/1"}],"replies":[{"embeddable":true,"href":"https:\/\/darbellay.com\/index.php?rest_route=%2Fwp%2Fv2%2Fcomments&post=29518"}],"version-history":[{"count":18,"href":"https:\/\/darbellay.com\/index.php?rest_route=\/wp\/v2\/pages\/29518\/revisions"}],"predecessor-version":[{"id":29555,"href":"https:\/\/darbellay.com\/index.php?rest_route=\/wp\/v2\/pages\/29518\/revisions\/29555"}],"wp:attachment":[{"href":"https:\/\/darbellay.com\/index.php?rest_route=%2Fwp%2Fv2%2Fmedia&parent=29518"}],"curies":[{"name":"wp","href":"https:\/\/api.w.org\/{rel}","templated":true}]}}